{"id":107,"date":"2019-03-02T09:36:05","date_gmt":"2019-03-02T09:36:05","guid":{"rendered":"https:\/\/clinicamenorca.com\/entrenamientos-carrera-de-la-mujer-madrid\/?page_id=107"},"modified":"2024-02-09T09:17:07","modified_gmt":"2024-02-09T09:17:07","slug":"gracias","status":"publish","type":"page","link":"https:\/\/clinicamenorca.com\/entrenamientos-carrera-de-la-mujer-madrid\/gracias\/","title":{"rendered":"gracias"},"content":{"rendered":"\t\t<div data-elementor-type=\"wp-post\" data-elementor-id=\"107\" class=\"elementor elementor-107\" data-elementor-post-type=\"page\">\n\t\t\t\t\t\t<section class=\"elementor-section elementor-top-section elementor-element elementor-element-6965c21 elementor-section-height-min-height elementor-section-items-top elementor-section-boxed elementor-section-height-default\" data-id=\"6965c21\" data-element_type=\"section\" data-settings=\"{&quot;background_background&quot;:&quot;classic&quot;}\">\n\t\t\t\t\t\t<div class=\"elementor-container elementor-column-gap-default\">\n\t\t\t\t\t<div class=\"elementor-column elementor-col-100 elementor-top-column elementor-element elementor-element-0c3c255\" data-id=\"0c3c255\" data-element_type=\"column\">\n\t\t\t<div class=\"elementor-widget-wrap elementor-element-populated\">\n\t\t\t\t\t\t<div class=\"elementor-element elementor-element-726cc48 elementor-widget elementor-widget-spacer\" data-id=\"726cc48\" data-element_type=\"widget\" data-widget_type=\"spacer.default\">\n\t\t\t\t<div class=\"elementor-widget-container\">\n\t\t\t\t\t\t\t<div class=\"elementor-spacer\">\n\t\t\t<div class=\"elementor-spacer-inner\"><\/div>\n\t\t<\/div>\n\t\t\t\t\t\t<\/div>\n\t\t\t\t<\/div>\n\t\t\t\t\t<\/div>\n\t\t<\/div>\n\t\t\t\t\t<\/div>\n\t\t<\/section>\n\t\t\t\t<section class=\"elementor-section elementor-top-section elementor-element elementor-element-51e215d elementor-section-height-min-height elementor-section-boxed elementor-section-height-default elementor-section-items-middle\" data-id=\"51e215d\" data-element_type=\"section\" data-settings=\"{&quot;background_background&quot;:&quot;classic&quot;}\">\n\t\t\t\t\t\t<div class=\"elementor-container elementor-column-gap-default\">\n\t\t\t\t\t<div class=\"elementor-column elementor-col-100 elementor-top-column elementor-element elementor-element-da743b3\" data-id=\"da743b3\" data-element_type=\"column\">\n\t\t\t<div class=\"elementor-widget-wrap elementor-element-populated\">\n\t\t\t\t\t\t<div class=\"elementor-element elementor-element-0554973 elementor-widget elementor-widget-heading\" data-id=\"0554973\" data-element_type=\"widget\" data-widget_type=\"heading.default\">\n\t\t\t\t<div class=\"elementor-widget-container\">\n\t\t\t\t\t<h2 class=\"elementor-heading-title elementor-size-default\">Gracias por confiar en la Fundaci\u00f3n Cl\u00ednica Menorca y su Club de Atletismo<\/h2>\t\t\t\t<\/div>\n\t\t\t\t<\/div>\n\t\t\t\t<section class=\"elementor-section elementor-inner-section elementor-element elementor-element-821d210 elementor-section-content-middle elementor-section-boxed elementor-section-height-default elementor-section-height-default\" data-id=\"821d210\" data-element_type=\"section\">\n\t\t\t\t\t\t<div class=\"elementor-container elementor-column-gap-default\">\n\t\t\t\t\t<div class=\"elementor-column elementor-col-50 elementor-inner-column elementor-element elementor-element-109445c\" data-id=\"109445c\" data-element_type=\"column\">\n\t\t\t<div class=\"elementor-widget-wrap elementor-element-populated\">\n\t\t\t\t\t\t<div class=\"elementor-element elementor-element-0c596ad elementor-widget elementor-widget-image\" data-id=\"0c596ad\" data-element_type=\"widget\" data-widget_type=\"image.default\">\n\t\t\t\t<div class=\"elementor-widget-container\">\n\t\t\t\t\t\t\t\t\t\t\t\t\t\t\t<img fetchpriority=\"high\" decoding=\"async\" width=\"320\" height=\"194\" src=\"https:\/\/clinicamenorca.com\/entrenamientos-carrera-de-la-mujer-madrid\/wp-content\/uploads\/2019\/03\/Logo_FCM.png\" class=\"attachment-large size-large wp-image-42\" alt=\"\" srcset=\"https:\/\/clinicamenorca.com\/entrenamientos-carrera-de-la-mujer-madrid\/wp-content\/uploads\/2019\/03\/Logo_FCM.png 320w, https:\/\/clinicamenorca.com\/entrenamientos-carrera-de-la-mujer-madrid\/wp-content\/uploads\/2019\/03\/Logo_FCM-300x182.png 300w\" sizes=\"(max-width: 320px) 100vw, 320px\" \/>\t\t\t\t\t\t\t\t\t\t\t\t\t\t\t<\/div>\n\t\t\t\t<\/div>\n\t\t\t\t\t<\/div>\n\t\t<\/div>\n\t\t\t\t<div class=\"elementor-column elementor-col-50 elementor-inner-column elementor-element elementor-element-1fc5e91\" data-id=\"1fc5e91\" data-element_type=\"column\">\n\t\t\t<div class=\"elementor-widget-wrap elementor-element-populated\">\n\t\t\t\t\t\t<div class=\"elementor-element elementor-element-bce0b74 elementor-widget elementor-widget-text-editor\" data-id=\"bce0b74\" data-element_type=\"widget\" data-widget_type=\"text-editor.default\">\n\t\t\t\t<div class=\"elementor-widget-container\">\n\t\t\t\t\t\t\t\t\t<p>En breve nos pondremos en contacto contigo para informarte de las acciones para los entrenamientos de la Carrera de la Mujer 2024<\/p>\t\t\t\t\t\t\t\t<\/div>\n\t\t\t\t<\/div>\n\t\t\t\t\t<\/div>\n\t\t<\/div>\n\t\t\t\t\t<\/div>\n\t\t<\/section>\n\t\t\t\t\t<\/div>\n\t\t<\/div>\n\t\t\t\t\t<\/div>\n\t\t<\/section>\n\t\t\t\t<section class=\"elementor-section elementor-top-section elementor-element elementor-element-c6f4476 elementor-section-height-min-height elementor-section-boxed elementor-section-height-default elementor-section-items-middle\" data-id=\"c6f4476\" data-element_type=\"section\" data-settings=\"{&quot;background_background&quot;:&quot;classic&quot;}\">\n\t\t\t\t\t\t\t<div class=\"elementor-background-overlay\"><\/div>\n\t\t\t\t\t\t\t<div class=\"elementor-container elementor-column-gap-default\">\n\t\t\t\t\t<div class=\"elementor-column elementor-col-50 elementor-top-column elementor-element elementor-element-78079e4\" data-id=\"78079e4\" data-element_type=\"column\">\n\t\t\t<div class=\"elementor-widget-wrap elementor-element-populated\">\n\t\t\t\t\t\t<div class=\"elementor-element elementor-element-35e2311 elementor-widget elementor-widget-heading\" data-id=\"35e2311\" data-element_type=\"widget\" data-widget_type=\"heading.default\">\n\t\t\t\t<div class=\"elementor-widget-container\">\n\t\t\t\t\t<h2 class=\"elementor-heading-title elementor-size-default\">S\u00edguenos en las redes sociales<\/h2>\t\t\t\t<\/div>\n\t\t\t\t<\/div>\n\t\t\t\t\t<\/div>\n\t\t<\/div>\n\t\t\t\t<div class=\"elementor-column elementor-col-50 elementor-top-column elementor-element elementor-element-911b13b\" data-id=\"911b13b\" data-element_type=\"column\">\n\t\t\t<div class=\"elementor-widget-wrap elementor-element-populated\">\n\t\t\t\t\t\t<div class=\"elementor-element elementor-element-a3eb820 elementor-shape-circle elementor-grid-0 e-grid-align-center elementor-widget elementor-widget-social-icons\" data-id=\"a3eb820\" data-element_type=\"widget\" data-widget_type=\"social-icons.default\">\n\t\t\t\t<div class=\"elementor-widget-container\">\n\t\t\t\t\t\t\t<div class=\"elementor-social-icons-wrapper elementor-grid\" role=\"list\">\n\t\t\t\t\t\t\t<span class=\"elementor-grid-item\" role=\"listitem\">\n\t\t\t\t\t<a class=\"elementor-icon elementor-social-icon elementor-social-icon-facebook elementor-repeater-item-ff9f8a6\" href=\"https:\/\/www.facebook.com\/clinicamenorca\/\" target=\"_blank\">\n\t\t\t\t\t\t<span class=\"elementor-screen-only\">Facebook<\/span>\n\t\t\t\t\t\t\t\t\t\t\t\t\t<i class=\"fa fa-facebook\" aria-hidden=\"true\"><\/i>\n\t\t\t\t\t\t\t\t\t\t\t<\/a>\n\t\t\t\t<\/span>\n\t\t\t\t\t\t\t<span class=\"elementor-grid-item\" role=\"listitem\">\n\t\t\t\t\t<a class=\"elementor-icon elementor-social-icon elementor-social-icon-twitter elementor-repeater-item-5c0300a\" href=\"https:\/\/twitter.com\/clinicamenorca?lang=es\" target=\"_blank\">\n\t\t\t\t\t\t<span class=\"elementor-screen-only\">Twitter<\/span>\n\t\t\t\t\t\t\t\t\t\t\t\t\t<i class=\"fa fa-twitter\" aria-hidden=\"true\"><\/i>\n\t\t\t\t\t\t\t\t\t\t\t<\/a>\n\t\t\t\t<\/span>\n\t\t\t\t\t\t\t<span class=\"elementor-grid-item\" role=\"listitem\">\n\t\t\t\t\t<a class=\"elementor-icon elementor-social-icon elementor-social-icon-instagram elementor-repeater-item-c7ba6f0\" href=\"https:\/\/www.instagram.com\/clinicamenorca\/\" target=\"_blank\">\n\t\t\t\t\t\t<span class=\"elementor-screen-only\">Instagram<\/span>\n\t\t\t\t\t\t\t\t\t\t\t\t\t<i class=\"fa fa-instagram\" aria-hidden=\"true\"><\/i>\n\t\t\t\t\t\t\t\t\t\t\t<\/a>\n\t\t\t\t<\/span>\n\t\t\t\t\t\t\t<span class=\"elementor-grid-item\" role=\"listitem\">\n\t\t\t\t\t<a class=\"elementor-icon elementor-social-icon elementor-social-icon-youtube elementor-repeater-item-9d85167\" href=\"https:\/\/www.youtube.com\/CCMenorca\" target=\"_blank\">\n\t\t\t\t\t\t<span class=\"elementor-screen-only\">Youtube<\/span>\n\t\t\t\t\t\t\t\t\t\t\t\t\t<i class=\"fa fa-youtube\" aria-hidden=\"true\"><\/i>\n\t\t\t\t\t\t\t\t\t\t\t<\/a>\n\t\t\t\t<\/span>\n\t\t\t\t\t<\/div>\n\t\t\t\t\t\t<\/div>\n\t\t\t\t<\/div>\n\t\t\t\t\t<\/div>\n\t\t<\/div>\n\t\t\t\t\t<\/div>\n\t\t<\/section>\n\t\t\t\t<\/div>\n\t\t","protected":false},"excerpt":{"rendered":"<p>Gracias por confiar en la Fundaci\u00f3n Cl\u00ednica Menorca y su Club de Atletismo En breve nos pondremos en contacto contigo para informarte de las acciones para los entrenamientos de la Carrera de la Mujer 2024 S\u00edguenos en las redes sociales Facebook Twitter Instagram Youtube<\/p>\n","protected":false},"author":2,"featured_media":0,"parent":0,"menu_order":0,"comment_status":"closed","ping_status":"closed","template":"elementor_canvas","meta":{"footnotes":""},"class_list":["post-107","page","type-page","status-publish"],"yoast_head":"<!-- This site is optimized with the Yoast SEO plugin v26.6 - https:\/\/yoast.com\/wordpress\/plugins\/seo\/ -->\n<title>gracias - Entrenamientos Carrera de la Mujer 2024 - Cl\u00ednica Menorca<\/title>\n<meta name=\"robots\" content=\"index, follow, max-snippet:-1, max-image-preview:large, max-video-preview:-1\" \/>\n<link rel=\"canonical\" href=\"https:\/\/clinicamenorca.com\/entrenamientos-carrera-de-la-mujer-madrid\/gracias\/\" \/>\n<meta property=\"og:locale\" content=\"es_ES\" \/>\n<meta property=\"og:type\" content=\"article\" \/>\n<meta property=\"og:title\" content=\"gracias - Entrenamientos Carrera de la Mujer 2024 - Cl\u00ednica Menorca\" \/>\n<meta property=\"og:description\" content=\"Gracias por confiar en la Fundaci\u00f3n Cl\u00ednica Menorca y su Club de Atletismo En breve nos pondremos en contacto contigo para informarte de las acciones para los entrenamientos de la Carrera de la Mujer 2024 S\u00edguenos en las redes sociales Facebook Twitter Instagram Youtube\" \/>\n<meta property=\"og:url\" content=\"https:\/\/clinicamenorca.com\/entrenamientos-carrera-de-la-mujer-madrid\/gracias\/\" \/>\n<meta property=\"og:site_name\" content=\"Entrenamientos Carrera de la Mujer 2024 - Cl\u00ednica Menorca\" \/>\n<meta property=\"article:modified_time\" content=\"2024-02-09T09:17:07+00:00\" \/>\n<meta property=\"og:image\" content=\"https:\/\/clinicamenorca.com\/entrenamientos-carrera-de-la-mujer-madrid\/wp-content\/uploads\/2019\/03\/Logo_FCM.png\" \/>\n<meta name=\"twitter:card\" content=\"summary_large_image\" \/>\n<meta name=\"twitter:label1\" content=\"Tiempo de lectura\" \/>\n\t<meta name=\"twitter:data1\" content=\"1 minuto\" \/>\n<script type=\"application\/ld+json\" class=\"yoast-schema-graph\">{\"@context\":\"https:\/\/schema.org\",\"@graph\":[{\"@type\":\"WebPage\",\"@id\":\"https:\/\/clinicamenorca.com\/entrenamientos-carrera-de-la-mujer-madrid\/gracias\/\",\"url\":\"https:\/\/clinicamenorca.com\/entrenamientos-carrera-de-la-mujer-madrid\/gracias\/\",\"name\":\"gracias - Entrenamientos Carrera de la Mujer 2024 - Cl\u00ednica Menorca\",\"isPartOf\":{\"@id\":\"https:\/\/clinicamenorca.com\/entrenamientos-carrera-de-la-mujer-madrid\/#website\"},\"primaryImageOfPage\":{\"@id\":\"https:\/\/clinicamenorca.com\/entrenamientos-carrera-de-la-mujer-madrid\/gracias\/#primaryimage\"},\"image\":{\"@id\":\"https:\/\/clinicamenorca.com\/entrenamientos-carrera-de-la-mujer-madrid\/gracias\/#primaryimage\"},\"thumbnailUrl\":\"https:\/\/clinicamenorca.com\/entrenamientos-carrera-de-la-mujer-madrid\/wp-content\/uploads\/2019\/03\/Logo_FCM.png\",\"datePublished\":\"2019-03-02T09:36:05+00:00\",\"dateModified\":\"2024-02-09T09:17:07+00:00\",\"breadcrumb\":{\"@id\":\"https:\/\/clinicamenorca.com\/entrenamientos-carrera-de-la-mujer-madrid\/gracias\/#breadcrumb\"},\"inLanguage\":\"es\",\"potentialAction\":[{\"@type\":\"ReadAction\",\"target\":[\"https:\/\/clinicamenorca.com\/entrenamientos-carrera-de-la-mujer-madrid\/gracias\/\"]}]},{\"@type\":\"ImageObject\",\"inLanguage\":\"es\",\"@id\":\"https:\/\/clinicamenorca.com\/entrenamientos-carrera-de-la-mujer-madrid\/gracias\/#primaryimage\",\"url\":\"https:\/\/clinicamenorca.com\/entrenamientos-carrera-de-la-mujer-madrid\/wp-content\/uploads\/2019\/03\/Logo_FCM.png\",\"contentUrl\":\"https:\/\/clinicamenorca.com\/entrenamientos-carrera-de-la-mujer-madrid\/wp-content\/uploads\/2019\/03\/Logo_FCM.png\",\"width\":320,\"height\":194},{\"@type\":\"BreadcrumbList\",\"@id\":\"https:\/\/clinicamenorca.com\/entrenamientos-carrera-de-la-mujer-madrid\/gracias\/#breadcrumb\",\"itemListElement\":[{\"@type\":\"ListItem\",\"position\":1,\"name\":\"Portada\",\"item\":\"https:\/\/clinicamenorca.com\/entrenamientos-carrera-de-la-mujer-madrid\/\"},{\"@type\":\"ListItem\",\"position\":2,\"name\":\"gracias\"}]},{\"@type\":\"WebSite\",\"@id\":\"https:\/\/clinicamenorca.com\/entrenamientos-carrera-de-la-mujer-madrid\/#website\",\"url\":\"https:\/\/clinicamenorca.com\/entrenamientos-carrera-de-la-mujer-madrid\/\",\"name\":\"Entrenamientos Carrera de la Mujer 2024 - Cl\u00ednica Menorca\",\"description\":\"\u00a1Inscr\u00edbete en los entrenamientos de la Carrera de la Mujer con Cl\u00ednica Menorca! \u2714 \u00a1prepara las zapatillas para pasarlo en grande!\",\"potentialAction\":[{\"@type\":\"SearchAction\",\"target\":{\"@type\":\"EntryPoint\",\"urlTemplate\":\"https:\/\/clinicamenorca.com\/entrenamientos-carrera-de-la-mujer-madrid\/?s={search_term_string}\"},\"query-input\":{\"@type\":\"PropertyValueSpecification\",\"valueRequired\":true,\"valueName\":\"search_term_string\"}}],\"inLanguage\":\"es\"}]}<\/script>\n<!-- \/ Yoast SEO plugin. -->","yoast_head_json":{"title":"gracias - Entrenamientos Carrera de la Mujer 2024 - Cl\u00ednica Menorca","robots":{"index":"index","follow":"follow","max-snippet":"max-snippet:-1","max-image-preview":"max-image-preview:large","max-video-preview":"max-video-preview:-1"},"canonical":"https:\/\/clinicamenorca.com\/entrenamientos-carrera-de-la-mujer-madrid\/gracias\/","og_locale":"es_ES","og_type":"article","og_title":"gracias - Entrenamientos Carrera de la Mujer 2024 - Cl\u00ednica Menorca","og_description":"Gracias por confiar en la Fundaci\u00f3n Cl\u00ednica Menorca y su Club de Atletismo En breve nos pondremos en contacto contigo para informarte de las acciones para los entrenamientos de la Carrera de la Mujer 2024 S\u00edguenos en las redes sociales Facebook Twitter Instagram Youtube","og_url":"https:\/\/clinicamenorca.com\/entrenamientos-carrera-de-la-mujer-madrid\/gracias\/","og_site_name":"Entrenamientos Carrera de la Mujer 2024 - Cl\u00ednica Menorca","article_modified_time":"2024-02-09T09:17:07+00:00","og_image":[{"url":"https:\/\/clinicamenorca.com\/entrenamientos-carrera-de-la-mujer-madrid\/wp-content\/uploads\/2019\/03\/Logo_FCM.png","type":"","width":"","height":""}],"twitter_card":"summary_large_image","twitter_misc":{"Tiempo de lectura":"1 minuto"},"schema":{"@context":"https:\/\/schema.org","@graph":[{"@type":"WebPage","@id":"https:\/\/clinicamenorca.com\/entrenamientos-carrera-de-la-mujer-madrid\/gracias\/","url":"https:\/\/clinicamenorca.com\/entrenamientos-carrera-de-la-mujer-madrid\/gracias\/","name":"gracias - Entrenamientos Carrera de la Mujer 2024 - Cl\u00ednica Menorca","isPartOf":{"@id":"https:\/\/clinicamenorca.com\/entrenamientos-carrera-de-la-mujer-madrid\/#website"},"primaryImageOfPage":{"@id":"https:\/\/clinicamenorca.com\/entrenamientos-carrera-de-la-mujer-madrid\/gracias\/#primaryimage"},"image":{"@id":"https:\/\/clinicamenorca.com\/entrenamientos-carrera-de-la-mujer-madrid\/gracias\/#primaryimage"},"thumbnailUrl":"https:\/\/clinicamenorca.com\/entrenamientos-carrera-de-la-mujer-madrid\/wp-content\/uploads\/2019\/03\/Logo_FCM.png","datePublished":"2019-03-02T09:36:05+00:00","dateModified":"2024-02-09T09:17:07+00:00","breadcrumb":{"@id":"https:\/\/clinicamenorca.com\/entrenamientos-carrera-de-la-mujer-madrid\/gracias\/#breadcrumb"},"inLanguage":"es","potentialAction":[{"@type":"ReadAction","target":["https:\/\/clinicamenorca.com\/entrenamientos-carrera-de-la-mujer-madrid\/gracias\/"]}]},{"@type":"ImageObject","inLanguage":"es","@id":"https:\/\/clinicamenorca.com\/entrenamientos-carrera-de-la-mujer-madrid\/gracias\/#primaryimage","url":"https:\/\/clinicamenorca.com\/entrenamientos-carrera-de-la-mujer-madrid\/wp-content\/uploads\/2019\/03\/Logo_FCM.png","contentUrl":"https:\/\/clinicamenorca.com\/entrenamientos-carrera-de-la-mujer-madrid\/wp-content\/uploads\/2019\/03\/Logo_FCM.png","width":320,"height":194},{"@type":"BreadcrumbList","@id":"https:\/\/clinicamenorca.com\/entrenamientos-carrera-de-la-mujer-madrid\/gracias\/#breadcrumb","itemListElement":[{"@type":"ListItem","position":1,"name":"Portada","item":"https:\/\/clinicamenorca.com\/entrenamientos-carrera-de-la-mujer-madrid\/"},{"@type":"ListItem","position":2,"name":"gracias"}]},{"@type":"WebSite","@id":"https:\/\/clinicamenorca.com\/entrenamientos-carrera-de-la-mujer-madrid\/#website","url":"https:\/\/clinicamenorca.com\/entrenamientos-carrera-de-la-mujer-madrid\/","name":"Entrenamientos Carrera de la Mujer 2024 - Cl\u00ednica Menorca","description":"\u00a1Inscr\u00edbete en los entrenamientos de la Carrera de la Mujer con Cl\u00ednica Menorca! \u2714 \u00a1prepara las zapatillas para pasarlo en grande!","potentialAction":[{"@type":"SearchAction","target":{"@type":"EntryPoint","urlTemplate":"https:\/\/clinicamenorca.com\/entrenamientos-carrera-de-la-mujer-madrid\/?s={search_term_string}"},"query-input":{"@type":"PropertyValueSpecification","valueRequired":true,"valueName":"search_term_string"}}],"inLanguage":"es"}]}},"_links":{"self":[{"href":"https:\/\/clinicamenorca.com\/entrenamientos-carrera-de-la-mujer-madrid\/wp-json\/wp\/v2\/pages\/107","targetHints":{"allow":["GET"]}}],"collection":[{"href":"https:\/\/clinicamenorca.com\/entrenamientos-carrera-de-la-mujer-madrid\/wp-json\/wp\/v2\/pages"}],"about":[{"href":"https:\/\/clinicamenorca.com\/entrenamientos-carrera-de-la-mujer-madrid\/wp-json\/wp\/v2\/types\/page"}],"author":[{"embeddable":true,"href":"https:\/\/clinicamenorca.com\/entrenamientos-carrera-de-la-mujer-madrid\/wp-json\/wp\/v2\/users\/2"}],"replies":[{"embeddable":true,"href":"https:\/\/clinicamenorca.com\/entrenamientos-carrera-de-la-mujer-madrid\/wp-json\/wp\/v2\/comments?post=107"}],"version-history":[{"count":14,"href":"https:\/\/clinicamenorca.com\/entrenamientos-carrera-de-la-mujer-madrid\/wp-json\/wp\/v2\/pages\/107\/revisions"}],"predecessor-version":[{"id":698,"href":"https:\/\/clinicamenorca.com\/entrenamientos-carrera-de-la-mujer-madrid\/wp-json\/wp\/v2\/pages\/107\/revisions\/698"}],"wp:attachment":[{"href":"https:\/\/clinicamenorca.com\/entrenamientos-carrera-de-la-mujer-madrid\/wp-json\/wp\/v2\/media?parent=107"}],"curies":[{"name":"wp","href":"https:\/\/api.w.org\/{rel}","templated":true}]}}